{"id":792,"date":"2024-12-02T19:17:40","date_gmt":"2024-12-02T18:17:40","guid":{"rendered":"https:\/\/spectacles.lamaisonduconte.com\/?page_id=792"},"modified":"2025-01-14T12:01:13","modified_gmt":"2025-01-14T11:01:13","slug":"sophie-wilhelm-la-terre-sur-les-epaules","status":"publish","type":"page","link":"https:\/\/spectacles.lamaisonduconte.com\/index.php\/sophie-wilhelm-la-terre-sur-les-epaules\/","title":{"rendered":"Sophie Wilhelm &#8211; La terre sur les \u00e9paules"},"content":{"rendered":"\n<figure class=\"wp-block-image size-full is-resized\" style=\"margin-right:var(--wp--preset--spacing--40);margin-left:var(--wp--preset--spacing--40)\"><img loading=\"lazy\" decoding=\"async\" width=\"567\" height=\"700\" src=\"http:\/\/spectacles.lamaisonduconte.com\/wp-content\/uploads\/2024\/11\/SP-Wilhelm-terre.jpg\" alt=\"\" class=\"wp-image-276\" style=\"width:357px\" srcset=\"https:\/\/spectacles.lamaisonduconte.com\/wp-content\/uploads\/2024\/11\/SP-Wilhelm-terre.jpg 567w, https:\/\/spectacles.lamaisonduconte.com\/wp-content\/uploads\/2024\/11\/SP-Wilhelm-terre-243x300.jpg 243w\" sizes=\"auto, (max-width: 567px) 100vw, 567px\" \/><\/figure>\n\n\n\n<h2 class=\"wp-block-heading has-foreground-color has-text-color has-link-color wp-elements-fc16d29e3ea41bdaf9f62e4b55b77a3e\" style=\"padding-right:var(--wp--preset--spacing--40);padding-left:var(--wp--preset--spacing--40)\"><br>LA TERRE SUR LES \u00c9PAULES<br><\/h2>\n\n\n\n<blockquote class=\"wp-block-quote has-foreground-color has-text-color has-link-color has-extra-small-font-size wp-elements-b0e884092011d170b814a96ac98f9e41 is-layout-flow wp-block-quote-is-layout-flow\" style=\"padding-right:0;padding-left:0\">\n<h6 class=\"wp-block-heading has-raleway-font-family has-extra-small-font-size\" style=\"padding-right:var(--wp--preset--spacing--40);padding-left:var(--wp--preset--spacing--40)\">\u00c9cologie, jeunesse<br>\u00c2ge\u00a0: 14 ans+, coll\u00e8ge, lyc\u00e9e, adultes<\/h6>\n\n\n\n<p><\/p>\n<\/blockquote>\n\n\n\n<p class=\"has-foreground-color has-text-color has-link-color wp-elements-820f60fb2c461991d2771dde7d2b2ce4\" style=\"padding-right:var(--wp--preset--spacing--40);padding-left:var(--wp--preset--spacing--40)\"><br>\u00ab Nina, Aliz\u00e9e et Louis r\u00e9fl\u00e9chissent aux menaces qui p\u00e8sent sur leur avenir ; ils se veulent acteurs d\u2019une soci\u00e9t\u00e9 qui leur ressemble et qui rassemble. Sophie Wilhelm les a rencontr\u00e9s lors d\u2019une collecte de paroles. Entre documentaire et fiction, cette fresque o\u00f9 l\u2019\u00e9nergie de la jeunesse aura le dernier mot nous rappelle que l\u2019imagination a bien du pouvoir. \u00bb<\/p>\n\n\n\n<p class=\"has-foreground-color has-text-color has-link-color wp-elements-4b9943a40f5816ba74f9591d1d1d6832\" style=\"padding-right:var(--wp--preset--spacing--40);padding-left:var(--wp--preset--spacing--40)\"><\/p>\n\n\n\n<p class=\"has-foreground-color has-text-color has-link-color wp-elements-ba1238313e84d32e61af7a13624464d4\"><\/p>\n\n\n\n<p class=\"has-foreground-color has-text-color has-link-color wp-elements-1330746be935be1376e01ef54ba66b67\" style=\"padding-right:var(--wp--preset--spacing--40);padding-left:var(--wp--preset--spacing--40)\"><br><strong>Lieux de repr\u00e9sentation&nbsp;<\/strong>: plateau (r\u00e9gie son et lumi\u00e8re) et lieux non-d\u00e9di\u00e9s (avec technique)<\/p>\n\n\n\n<p class=\"has-foreground-color has-text-color has-link-color wp-elements-13195ff148707333a47ca3e49a3276ef\" style=\"padding-top:var(--wp--preset--spacing--40);padding-right:var(--wp--preset--spacing--40);padding-bottom:var(--wp--preset--spacing--40);padding-left:var(--wp--preset--spacing--40)\"><strong>\u00c9quipe artiste&nbsp;au plateau<\/strong>&nbsp;: <a href=\"https:\/\/spectacles.lamaisonduconte.com\/index.php\/sophie-wilhelm-fiche-artiste\/\" data-type=\"page\" data-id=\"790\">Sophie Wilhelm<\/a><\/p>\n\n\n\n<p class=\"has-foreground-color has-text-color has-link-color wp-elements-00f97c7b74e1e07a7f5556c2c16569e0\" style=\"padding-right:var(--wp--preset--spacing--40);padding-left:var(--wp--preset--spacing--40)\"><strong>Teaser<\/strong> :<\/p>\n\n\n\n<figure class=\"wp-block-embed is-type-video is-provider-vimeo wp-block-embed-vimeo wp-embed-aspect-16-9 wp-has-aspect-ratio\"><div class=\"wp-block-embed__wrapper\">\n<iframe loading=\"lazy\" title=\"LA TERRE SUR LES \u00c9PAULES \/ Sophie Wilhelm (Teaser 2023)\" src=\"https:\/\/player.vimeo.com\/video\/807200422?dnt=1&amp;app_id=122963\" width=\"500\" height=\"281\" frameborder=\"0\" allow=\"autoplay; fullscreen; picture-in-picture; clipboard-write\"><\/iframe>\n<\/div><\/figure>\n\n\n\n<p class=\"has-foreground-color has-text-color has-link-color wp-elements-1c79c1fc3293c927e9c5b23573300450\" style=\"padding-right:var(--wp--preset--spacing--40);padding-left:var(--wp--preset--spacing--40)\"><strong>Production&nbsp;<\/strong>: <\/p>\n\n\n\n<p class=\"has-foreground-color has-text-color has-link-color wp-elements-9bc813f2d673364d57f71b04a1383a8d\" style=\"padding-right:var(--wp--preset--spacing--40);padding-left:var(--wp--preset--spacing--40)\">Cie Les Mots du vent \/ Coproductions : L\u2019ACB- Sc\u00e8ne Nationale de Bar-Le-Duc, Sc\u00e8nes et Territoires, La MJC Calonne de Sedan, Le Nombril du Monde, La Maison de l\u2019Oralit\u00e9 et du Patrimoine de Capbreton \/ Soutiens : La Maison du conte, D\u00e9partement de la Meuse, SPEDIDAM \/ Le spectacle a \u00e9t\u00e9 cr\u00e9\u00e9 le 24 mars 2022 \u00e0 la MJC Calonne de Sedan.<\/p>\n\n\n\n<p class=\"has-foreground-color has-text-color has-link-color wp-elements-4861c563b4dadc57a0686e47d2c4b742\" style=\"padding-top:var(--wp--preset--spacing--60);padding-right:var(--wp--preset--spacing--40);padding-bottom:var(--wp--preset--spacing--60);padding-left:var(--wp--preset--spacing--40)\"><strong>Contact : <\/strong><\/p>\n\n\n\n<p class=\"has-foreground-color has-text-color has-link-color wp-elements-5bdd0c825e46186a6cca9455d29d5672\" style=\"margin-top:var(--wp--preset--spacing--30);margin-right:0;margin-bottom:var(--wp--preset--spacing--30);margin-left:var(--wp--preset--spacing--60);padding-right:var(--wp--preset--spacing--40);padding-left:var(--wp--preset--spacing--40)\">e-mail : <a href=\"mailto:sophie.wilhelm@lesmotsduvent.org\">sophie.wilhelm@lesmotsduvent.org<\/a><\/p>\n\n\n\n<p class=\"has-foreground-color has-text-color has-link-color wp-elements-2f1bae52f01df1dd5f0fcec006b5d3ab\" style=\"padding-right:var(--wp--preset--spacing--40);padding-left:var(--wp--preset--spacing--40)\">Site web : <a href=\"https:\/\/lesmotsduvent.org\/\">lesmotsduvent.org<\/a><\/p>\n","protected":false},"excerpt":{"rendered":"<p>LA TERRE SUR LES \u00c9PAULES \u00c9cologie, jeunesse\u00c2ge\u00a0: 14 ans+, coll\u00e8ge, lyc\u00e9e, adultes \u00ab Nina, Aliz\u00e9e et Louis r\u00e9fl\u00e9chissent aux menaces [&hellip;]<\/p>\n","protected":false},"author":1,"featured_media":276,"parent":0,"menu_order":0,"comment_status":"closed","ping_status":"closed","template":"","meta":{"footnotes":""},"class_list":["post-792","page","type-page","status-publish","has-post-thumbnail","hentry"],"_links":{"self":[{"href":"https:\/\/spectacles.lamaisonduconte.com\/index.php\/wp-json\/wp\/v2\/pages\/792","targetHints":{"allow":["GET"]}}],"collection":[{"href":"https:\/\/spectacles.lamaisonduconte.com\/index.php\/wp-json\/wp\/v2\/pages"}],"about":[{"href":"https:\/\/spectacles.lamaisonduconte.com\/index.php\/wp-json\/wp\/v2\/types\/page"}],"author":[{"embeddable":true,"href":"https:\/\/spectacles.lamaisonduconte.com\/index.php\/wp-json\/wp\/v2\/users\/1"}],"replies":[{"embeddable":true,"href":"https:\/\/spectacles.lamaisonduconte.com\/index.php\/wp-json\/wp\/v2\/comments?post=792"}],"version-history":[{"count":6,"href":"https:\/\/spectacles.lamaisonduconte.com\/index.php\/wp-json\/wp\/v2\/pages\/792\/revisions"}],"predecessor-version":[{"id":1462,"href":"https:\/\/spectacles.lamaisonduconte.com\/index.php\/wp-json\/wp\/v2\/pages\/792\/revisions\/1462"}],"wp:featuredmedia":[{"embeddable":true,"href":"https:\/\/spectacles.lamaisonduconte.com\/index.php\/wp-json\/wp\/v2\/media\/276"}],"wp:attachment":[{"href":"https:\/\/spectacles.lamaisonduconte.com\/index.php\/wp-json\/wp\/v2\/media?parent=792"}],"curies":[{"name":"wp","href":"https:\/\/api.w.org\/{rel}","templated":true}]}}